{"id":1103,"date":"2020-12-30T06:02:35","date_gmt":"2020-12-30T05:02:35","guid":{"rendered":"http:\/\/www.grafika-soca.si\/cookies\/"},"modified":"2020-12-30T06:09:37","modified_gmt":"2020-12-30T05:09:37","slug":"cookies","status":"publish","type":"page","link":"https:\/\/www.grafika-soca.si\/it\/cookies\/","title":{"rendered":"Cookies"},"content":{"rendered":"<p><div class=\"fusion-fullwidth fullwidth-box fusion-builder-row-1 fusion-parallax-none nonhundred-percent-fullwidth non-hundred-percent-height-scrolling\" style=\"--awb-border-radius-top-left:0px;--awb-border-radius-top-right:0px;--awb-border-radius-bottom-right:0px;--awb-border-radius-bottom-left:0px;--awb-padding-top:250px;--awb-padding-bottom:0px;--awb-background-image:url(&quot;http:\/\/www.grafika-soca.si\/wp-content\/uploads\/2020\/06\/grafika_soca_banner_v2.jpg&quot;);--awb-background-size:cover;--awb-flex-wrap:wrap;\" ><div class=\"fusion-builder-row fusion-row\"><div class=\"fusion-layout-column fusion_builder_column fusion-builder-column-0 fusion_builder_column_1_1 1_1 fusion-one-full fusion-column-first fusion-column-last\" style=\"--awb-padding-bottom:0px;--awb-bg-size:cover;\"><div class=\"fusion-column-wrapper fusion-column-has-shadow fusion-flex-column-wrapper-legacy\"><div class=\"fusion-title title fusion-title-1 fusion-sep-none fusion-title-center fusion-title-text fusion-title-size-one\" style=\"--awb-text-color:#ffffff;--awb-margin-bottom:0px;--awb-margin-top-small:0px;--awb-margin-right-small:0px;--awb-margin-bottom-small:20px;--awb-margin-left-small:0px;\"><h1 class=\"fusion-title-heading title-heading-center fusion-responsive-typography-calculated\" style=\"margin:0;--fontSize:50;line-height:1.4;\">Cookies<\/h1><\/div><div class=\"fusion-sep-clear\"><\/div><div class=\"fusion-separator\" style=\"margin-left: auto;margin-right: auto;margin-top:20px;margin-bottom:20px;width:100%;max-width:80px;\"><div class=\"fusion-separator-border sep-single sep-solid\" style=\"--awb-height:20px;--awb-amount:20px;--awb-sep-color:#009bac;border-color:#009bac;border-top-width:3px;\"><\/div><\/div><div class=\"fusion-sep-clear\"><\/div><div class=\"fusion-title title fusion-title-2 fusion-sep-none fusion-title-center fusion-title-text fusion-title-size-six\" style=\"--awb-text-color:#ffffff;--awb-margin-top-small:0px;--awb-margin-right-small:0px;--awb-margin-bottom-small:20px;--awb-margin-left-small:0px;\"><h6 class=\"fusion-title-heading title-heading-center fusion-responsive-typography-calculated\" style=\"margin:0;--fontSize:22;--minFontSize:22;line-height:1.5;\">Cosa sono e perch\u00e9 li usiamo<\/h6><\/div><div class=\"fusion-clearfix\"><\/div><\/div><\/div><div class=\"fusion-layout-column fusion_builder_column fusion-builder-column-1 fusion_builder_column_1_1 1_1 fusion-one-full fusion-column-first fusion-column-last\" style=\"--awb-bg-size:cover;--awb-margin-bottom:0px;\"><div class=\"fusion-column-wrapper fusion-column-has-shadow fusion-flex-column-wrapper-legacy\"><div class=\"fusion-section-separator section-separator hills-opacity fusion-section-separator-1\" style=\"--awb-spacer-padding-top:17.7734375%;--awb-svg-margin-left:0;--awb-svg-margin-right:0;--awb-sep-font-size:0;--awb-sep-line-height:0;\"><div class=\"fusion-section-separator-svg\"><svg class=\"fusion-hills-opacity-candy\" xmlns=\"http:\/\/www.w3.org\/2000\/svg\" version=\"1.1\" width=\"100%\" viewBox=\"0 -0.5 1024 182\" preserveAspectRatio=\"none\" fill=\"rgba(255,255,255,1)\"><path class=\"st0\" d=\"M0 182.086h1024V41.593c-28.058-21.504-60.109-37.581-97.075-37.581-112.845 0-198.144 93.798-289.792 93.798S437.658 6.777 351.846 6.777s-142.234 82.125-238.49 82.125c-63.078 0-75.776-31.744-113.357-53.658L0 182.086z\"\/>\n\t\t\t\t\t\t\t\t\t<path class=\"st1\" d=\"M1024 181.062v-75.878c-39.731 15.872-80.794 27.341-117.658 25.805-110.387-4.506-191.795-109.773-325.53-116.224-109.158-5.12-344.166 120.115-429.466 166.298H1024v-.001z\"\/>\n\t\t\t\t\t\t\t\t\t<path class=\"st2\" d=\"M0 182.086h1024V90.028C966.451 59.103 907.059 16.3 824.115 15.071 690.278 13.023 665.19 102.93 482.099 102.93S202.138-1.62 74.24.019C46.49.326 21.811 4.217 0 9.849v172.237z\"\/>\n\t\t\t\t\t\t\t\t\t<path class=\"st3\" d=\"M0 182.086h1024V80.505c-37.171 19.558-80.691 35.328-139.571 36.25-151.142 2.355-141.619-28.57-298.496-29.184s-138.854 47.002-305.459 43.725C132.813 128.428 91.238 44.563 0 28.179v153.907z\"\/>\n\t\t\t\t\t\t\t\t\t<path class=\"st4\" d=\"M0 182.086h1024v-77.312c-49.05 20.07-120.525 42.394-193.229 42.086-128.922-.512-159.846-72.294-255.795-72.294-89.088 0-134.656 80.179-245.043 82.022S169.063 99.346 49.971 97.401C32.768 97.094 16.077 99.244 0 103.135v78.951z\"\/>\n\t\t\t\t\t\t\t\t<\/svg><\/div><div class=\"fusion-section-separator-spacer\"><div class=\"fusion-section-separator-spacer-height\"><\/div><\/div><\/div><div class=\"fusion-clearfix\"><\/div><\/div><\/div><\/div><\/div><div class=\"fusion-fullwidth fullwidth-box fusion-builder-row-2 nonhundred-percent-fullwidth non-hundred-percent-height-scrolling\" style=\"--awb-border-radius-top-left:0px;--awb-border-radius-top-right:0px;--awb-border-radius-bottom-right:0px;--awb-border-radius-bottom-left:0px;--awb-padding-top:80px;--awb-padding-bottom:80px;--awb-flex-wrap:wrap;\" ><div class=\"fusion-builder-row fusion-row\"><div class=\"fusion-layout-column fusion_builder_column fusion-builder-column-2 fusion_builder_column_1_6 1_6 fusion-one-sixth fusion-column-first\" style=\"--awb-bg-size:cover;width:16.666666666667%;width:calc(16.666666666667% - ( ( 4% + 4% ) * 0.16666666666667 ) );margin-right: 4%;\"><div class=\"fusion-column-wrapper fusion-column-has-shadow fusion-flex-column-wrapper-legacy\"><div class=\"fusion-clearfix\"><\/div><\/div><\/div><div class=\"fusion-layout-column fusion_builder_column fusion-builder-column-3 fusion_builder_column_2_3 2_3 fusion-two-third\" style=\"--awb-bg-size:cover;width:66.666666666667%;width:calc(66.666666666667% - ( ( 4% + 4% ) * 0.66666666666667 ) );margin-right: 4%;\"><div class=\"fusion-column-wrapper fusion-column-has-shadow fusion-flex-column-wrapper-legacy\"><div class=\"fusion-text fusion-text-1\"><p><strong>Cosa sono i cookie<\/strong><\/p>\n<p>Il cookie \u00e8 una stringa di testo che un web server invia al tuo browser quando viene consultato. In questo modo, il sito web ti riconosce, memorizza le informazioni di navigazione e ti fornisce un servizio online piacevole e pi\u00f9 semplice. Con l&#8217;aiuto dei cookie, personalizziamo il contenuto del nostro sito web, memorizziamo le tue preferenze e registriamo le visite del nostro sito web. Con i cookie la navigazione sul nostro sito web \u00e8 pi\u00f9 piacevole, veloce e, soprattutto, pi\u00f9 efficiente.<\/p>\n<p><strong>Perch\u00e9 il nostro sito usa i cookie?<\/strong><\/p>\n<p>I cookie sono uno strumento importante per mantenere contenuti aggiornati e pertinenti, in linea con gli interessi e con le preferenze di ogni utente del web. Le ragioni dell&#8217;utilizzo dei cookie derivano dalle loro propriet\u00e0 (una di queste \u00e8 la memorizzazione di informazioni sullo stato di un singolo sito web), aiutano a raccogliere varie statistiche, in quanto solo loro possono monitorare la frequenza delle visite a un determinato sito web. Con l&#8217;aiuto dei cookie, l&#8217;operatore del sito web pu\u00f2 valutare l&#8217;efficacia del design del suo sito web.<\/p>\n<p><strong>Quali cookie usiamo?<\/strong><\/p>\n<ul>\n<li><strong>Cookie strettamente necessari: <\/strong>questi cookie sono fondamentali perch\u00e9 consentono di spostarsi nel sito Web e di utilizzare le sue funzioni o fornire il servizio richiesto. Grafika So\u010da non richiede il permesso dell&#8217;utente per utilizzare questi cookie, quindi vengono sempre installati sul dispositivo. Vengono impostati quando l&#8217;utente esegue una qualsiasi interazione con il sito web.<\/li>\n<li><strong>Cookie analitici<\/strong>: con questi cookie Grafika So\u010da \u00e8 in grado di capire come gli utenti utilizzano i siti web. Con il loro aiuto, Grafika So\u010da migliora l&#8217;esperienza dell&#8217;utente e identifica le esigenze e le tendenze degli utenti. Grafika So\u010da utilizza questi cookie solo con il consenso dell&#8217;utente.<\/li>\n<\/ul>\n<p><strong>Cookie strettamente necessari<\/strong><\/p>\n<p>Nome del cookie:\u00a0<strong>CONSENT<\/strong><br \/>\nServizio: gstatic.com<br \/>\nTempo di conservazione del cookie: 10 anni<br \/>\nTitolare: Google<br \/>\nDescrizione del cookie: Gstatic.com \u00e8 un dominio privo di cookie per la fornitura di contenuto statico (codice JavaScript, immagini e CSS) ad un altro dominio, con l&#8217;obiettivo di ridurre l&#8217;utilizzo della larghezza di banda e aumentare la capacit\u00e0 della rete.<\/p>\n<p>Nome del cookie:\u00a0<strong>NID<\/strong><br \/>\nServizio: gstatic.com<br \/>\nTempo di conservazione del cookie: 6 mesi<br \/>\nTitolare: Google<br \/>\nDescrizione del cookie: Google, con l&#8217;aiuto del cookie NID, memorizza le informazioni e le impostazioni dell&#8217;utente al fine di fornire servizi personalizzati durante l&#8217;utilizzo di Google Maps.<\/p>\n<p><strong>Cookie analitici<\/strong><\/p>\n<p>Nome del cookie:\u00a0<strong>_gid<\/strong><br \/>\nServizio: Google Analytics<br \/>\nTempo di conservazione del cookie: 1 giorno<br \/>\nTitolare: Google<br \/>\nDescrizione del cookie: Analisi web con Google Universal Analytics. Il cookie viene utilizzato per raggruppare il comportamento degli utenti per ogni utente. <a href=\"https:\/\/policies.google.com\/\">https:\/\/policies.google.com\/<\/a><\/p>\n<p>Nome del cookie:\u00a0<strong>_ga<\/strong><br \/>\nServizio: Google Analytics<br \/>\nTempo di conservazione del cookie: 2 anni<br \/>\nTitolare: Google<br \/>\nDescrizione del cookie: Analisi web con Google Universal Analytics. Il cookie viene utilizzato per tracciare gli utenti. Google Analytics identifica gli utenti con un identificatore univoco chiamato &#8220;client ID&#8221;. Questo ID, insieme ad altri parametri, viene memorizzato nel cookie _ga.<\/p>\n<p>Nome del cookie:\u00a0<strong>_gat<\/strong><br \/>\nServizio: Google Analytics<br \/>\nTempo di conservazione del cookie: 10 minuti<br \/>\nTitolare: Google<br \/>\nDescrizione del cookie: Questo cookie viene utilizzato per controllare la frequenza delle richieste in Google Analytics per aumentare l&#8217;efficienza delle chiamate di rete.<\/p>\n<\/div><div class=\"fusion-text fusion-text-2\"><div class=\"fusion-title title fusion-title-2 fusion-sep-none fusion-title-text fusion-title-size-three fusion-border-below-title\">\n<h3 class=\"fusion-responsive-typography-calculated\" data-fontsize=\"26\" data-lineheight=\"29.9px\">Modifica le impostazioni dei cookie<\/h3>\n<\/div>\n<div class=\"fusion-text\">\n<p>Puoi modificare le impostazioni sulla privacy cliccando sul pulsante in basso<\/p>\n<a href=\"#\" class=\"cn-revoke-cookie cn-button-inline cn-revoke-inline fusion-button\" title=\"REVOCA IL CONSENSO\">REVOCA IL CONSENSO<\/a><\/div>\n<\/div><div class=\"fusion-clearfix\"><\/div><\/div><\/div><div class=\"fusion-layout-column fusion_builder_column fusion-builder-column-4 fusion_builder_column_1_6 1_6 fusion-one-sixth fusion-column-last\" style=\"--awb-bg-size:cover;width:16.666666666667%;width:calc(16.666666666667% - ( ( 4% + 4% ) * 0.16666666666667 ) );\"><div class=\"fusion-column-wrapper fusion-column-has-shadow fusion-flex-column-wrapper-legacy\"><div class=\"fusion-clearfix\"><\/div><\/div><\/div><\/div><\/div><\/p>\n","protected":false},"excerpt":{"rendered":"","protected":false},"author":1,"featured_media":0,"parent":0,"menu_order":0,"comment_status":"closed","ping_status":"closed","template":"100-width.php","meta":{"_monsterinsights_skip_tracking":false,"_monsterinsights_sitenote_active":false,"_monsterinsights_sitenote_note":"","_monsterinsights_sitenote_category":0,"footnotes":""},"class_list":["post-1103","page","type-page","status-publish","hentry"],"yoast_head":"<!-- This site is optimized with the Yoast SEO plugin v27.2 - https:\/\/yoast.com\/product\/yoast-seo-wordpress\/ -->\n<title>Cookies - Grafika So\u010da d.o.o.<\/title>\n<meta name=\"robots\" content=\"index, follow, max-snippet:-1, max-image-preview:large, max-video-preview:-1\" \/>\n<link rel=\"canonical\" href=\"https:\/\/www.grafika-soca.si\/it\/cookies\/\" \/>\n<meta property=\"og:locale\" content=\"it_IT\" \/>\n<meta property=\"og:type\" content=\"article\" \/>\n<meta property=\"og:title\" content=\"Cookies - Grafika So\u010da d.o.o.\" \/>\n<meta property=\"og:url\" content=\"https:\/\/www.grafika-soca.si\/it\/cookies\/\" \/>\n<meta property=\"og:site_name\" content=\"Grafika So\u010da d.o.o.\" \/>\n<meta property=\"article:modified_time\" content=\"2020-12-30T05:09:37+00:00\" \/>\n<meta name=\"twitter:card\" content=\"summary_large_image\" \/>\n<meta name=\"twitter:label1\" content=\"Tempo di lettura stimato\" \/>\n\t<meta name=\"twitter:data1\" content=\"12 minuti\" \/>\n<script type=\"application\/ld+json\" class=\"yoast-schema-graph\">{\"@context\":\"https:\/\/schema.org\",\"@graph\":[{\"@type\":\"WebPage\",\"@id\":\"https:\/\/www.grafika-soca.si\/it\/cookies\/\",\"url\":\"https:\/\/www.grafika-soca.si\/it\/cookies\/\",\"name\":\"Cookies - Grafika So\u010da d.o.o.\",\"isPartOf\":{\"@id\":\"https:\/\/www.grafika-soca.si\/it\/#website\"},\"datePublished\":\"2020-12-30T05:02:35+00:00\",\"dateModified\":\"2020-12-30T05:09:37+00:00\",\"breadcrumb\":{\"@id\":\"https:\/\/www.grafika-soca.si\/it\/cookies\/#breadcrumb\"},\"inLanguage\":\"it-IT\",\"potentialAction\":[{\"@type\":\"ReadAction\",\"target\":[\"https:\/\/www.grafika-soca.si\/it\/cookies\/\"]}]},{\"@type\":\"BreadcrumbList\",\"@id\":\"https:\/\/www.grafika-soca.si\/it\/cookies\/#breadcrumb\",\"itemListElement\":[{\"@type\":\"ListItem\",\"position\":1,\"name\":\"Home\",\"item\":\"https:\/\/www.grafika-soca.si\/it\/\"},{\"@type\":\"ListItem\",\"position\":2,\"name\":\"Cookies\"}]},{\"@type\":\"WebSite\",\"@id\":\"https:\/\/www.grafika-soca.si\/it\/#website\",\"url\":\"https:\/\/www.grafika-soca.si\/it\/\",\"name\":\"Grafika So\u010da d.o.o.\",\"description\":\"Just another WordPress site\",\"potentialAction\":[{\"@type\":\"SearchAction\",\"target\":{\"@type\":\"EntryPoint\",\"urlTemplate\":\"https:\/\/www.grafika-soca.si\/it\/?s={search_term_string}\"},\"query-input\":{\"@type\":\"PropertyValueSpecification\",\"valueRequired\":true,\"valueName\":\"search_term_string\"}}],\"inLanguage\":\"it-IT\"}]}<\/script>\n<!-- \/ Yoast SEO plugin. -->","yoast_head_json":{"title":"Cookies - Grafika So\u010da d.o.o.","robots":{"index":"index","follow":"follow","max-snippet":"max-snippet:-1","max-image-preview":"max-image-preview:large","max-video-preview":"max-video-preview:-1"},"canonical":"https:\/\/www.grafika-soca.si\/it\/cookies\/","og_locale":"it_IT","og_type":"article","og_title":"Cookies - Grafika So\u010da d.o.o.","og_url":"https:\/\/www.grafika-soca.si\/it\/cookies\/","og_site_name":"Grafika So\u010da d.o.o.","article_modified_time":"2020-12-30T05:09:37+00:00","twitter_card":"summary_large_image","twitter_misc":{"Tempo di lettura stimato":"12 minuti"},"schema":{"@context":"https:\/\/schema.org","@graph":[{"@type":"WebPage","@id":"https:\/\/www.grafika-soca.si\/it\/cookies\/","url":"https:\/\/www.grafika-soca.si\/it\/cookies\/","name":"Cookies - Grafika So\u010da d.o.o.","isPartOf":{"@id":"https:\/\/www.grafika-soca.si\/it\/#website"},"datePublished":"2020-12-30T05:02:35+00:00","dateModified":"2020-12-30T05:09:37+00:00","breadcrumb":{"@id":"https:\/\/www.grafika-soca.si\/it\/cookies\/#breadcrumb"},"inLanguage":"it-IT","potentialAction":[{"@type":"ReadAction","target":["https:\/\/www.grafika-soca.si\/it\/cookies\/"]}]},{"@type":"BreadcrumbList","@id":"https:\/\/www.grafika-soca.si\/it\/cookies\/#breadcrumb","itemListElement":[{"@type":"ListItem","position":1,"name":"Home","item":"https:\/\/www.grafika-soca.si\/it\/"},{"@type":"ListItem","position":2,"name":"Cookies"}]},{"@type":"WebSite","@id":"https:\/\/www.grafika-soca.si\/it\/#website","url":"https:\/\/www.grafika-soca.si\/it\/","name":"Grafika So\u010da d.o.o.","description":"Just another WordPress site","potentialAction":[{"@type":"SearchAction","target":{"@type":"EntryPoint","urlTemplate":"https:\/\/www.grafika-soca.si\/it\/?s={search_term_string}"},"query-input":{"@type":"PropertyValueSpecification","valueRequired":true,"valueName":"search_term_string"}}],"inLanguage":"it-IT"}]}},"_links":{"self":[{"href":"https:\/\/www.grafika-soca.si\/it\/wp-json\/wp\/v2\/pages\/1103","targetHints":{"allow":["GET"]}}],"collection":[{"href":"https:\/\/www.grafika-soca.si\/it\/wp-json\/wp\/v2\/pages"}],"about":[{"href":"https:\/\/www.grafika-soca.si\/it\/wp-json\/wp\/v2\/types\/page"}],"author":[{"embeddable":true,"href":"https:\/\/www.grafika-soca.si\/it\/wp-json\/wp\/v2\/users\/1"}],"replies":[{"embeddable":true,"href":"https:\/\/www.grafika-soca.si\/it\/wp-json\/wp\/v2\/comments?post=1103"}],"version-history":[{"count":4,"href":"https:\/\/www.grafika-soca.si\/it\/wp-json\/wp\/v2\/pages\/1103\/revisions"}],"predecessor-version":[{"id":1109,"href":"https:\/\/www.grafika-soca.si\/it\/wp-json\/wp\/v2\/pages\/1103\/revisions\/1109"}],"wp:attachment":[{"href":"https:\/\/www.grafika-soca.si\/it\/wp-json\/wp\/v2\/media?parent=1103"}],"curies":[{"name":"wp","href":"https:\/\/api.w.org\/{rel}","templated":true}]}}