{"id":1268,"date":"2020-12-30T11:03:35","date_gmt":"2020-12-30T10:03:35","guid":{"rendered":"http:\/\/www.grafika-soca.si\/blog\/"},"modified":"2020-12-30T11:04:14","modified_gmt":"2020-12-30T10:04:14","slug":"blog","status":"publish","type":"page","link":"https:\/\/www.grafika-soca.si\/de\/blog\/","title":{"rendered":"Blog"},"content":{"rendered":"<p><div class=\"fusion-fullwidth fullwidth-box fusion-builder-row-1 fusion-parallax-none nonhundred-percent-fullwidth non-hundred-percent-height-scrolling\" style=\"--awb-border-radius-top-left:0px;--awb-border-radius-top-right:0px;--awb-border-radius-bottom-right:0px;--awb-border-radius-bottom-left:0px;--awb-padding-top:250px;--awb-padding-bottom:0px;--awb-margin-top:0px;--awb-margin-bottom:0px;--awb-background-image:url(&quot;http:\/\/www.grafika-soca.si\/wp-content\/uploads\/2020\/08\/aktualno_banner.jpg&quot;);--awb-background-size:cover;--awb-flex-wrap:wrap;\" ><div class=\"fusion-builder-row fusion-row\"><div class=\"fusion-layout-column fusion_builder_column fusion-builder-column-0 fusion_builder_column_1_1 1_1 fusion-one-full fusion-column-first fusion-column-last\" style=\"--awb-padding-top:0px;--awb-bg-size:cover;\"><div class=\"fusion-column-wrapper fusion-column-has-shadow fusion-flex-column-wrapper-legacy\"><div class=\"fusion-title title fusion-title-1 fusion-sep-none fusion-title-center fusion-title-text fusion-title-size-one\" style=\"--awb-text-color:#ffffff;--awb-margin-bottom:0px;--awb-margin-top-small:0px;--awb-margin-right-small:0px;--awb-margin-bottom-small:0px;--awb-margin-left-small:0px;\"><h1 class=\"fusion-title-heading title-heading-center fusion-responsive-typography-calculated\" style=\"margin:0;--fontSize:50;line-height:1.4;\">Blog<\/h1><\/div><div class=\"fusion-sep-clear\"><\/div><div class=\"fusion-separator\" style=\"margin-left: auto;margin-right: auto;margin-top:20px;margin-bottom:20px;width:100%;max-width:80px;\"><div class=\"fusion-separator-border sep-single sep-solid\" style=\"--awb-height:20px;--awb-amount:20px;--awb-sep-color:#009bac;border-color:#009bac;border-top-width:3px;\"><\/div><\/div><div class=\"fusion-sep-clear\"><\/div><div class=\"fusion-clearfix\"><\/div><\/div><\/div><div class=\"fusion-layout-column fusion_builder_column fusion-builder-column-1 fusion_builder_column_1_1 1_1 fusion-one-full fusion-column-first fusion-column-last\" style=\"--awb-bg-size:cover;--awb-margin-bottom:0px;\"><div class=\"fusion-column-wrapper fusion-column-has-shadow fusion-flex-column-wrapper-legacy\"><div class=\"fusion-section-separator section-separator hills-opacity fusion-section-separator-1\" style=\"--awb-spacer-padding-top:17.7734375%;--awb-svg-margin-left:0;--awb-svg-margin-right:0;--awb-sep-font-size:0;--awb-sep-line-height:0;\"><div class=\"fusion-section-separator-svg\"><svg class=\"fusion-hills-opacity-candy\" xmlns=\"http:\/\/www.w3.org\/2000\/svg\" version=\"1.1\" width=\"100%\" viewBox=\"0 -0.5 1024 182\" preserveAspectRatio=\"none\" fill=\"rgba(255,255,255,1)\"><path class=\"st0\" d=\"M0 182.086h1024V41.593c-28.058-21.504-60.109-37.581-97.075-37.581-112.845 0-198.144 93.798-289.792 93.798S437.658 6.777 351.846 6.777s-142.234 82.125-238.49 82.125c-63.078 0-75.776-31.744-113.357-53.658L0 182.086z\"\/>\n\t\t\t\t\t\t\t\t\t<path class=\"st1\" d=\"M1024 181.062v-75.878c-39.731 15.872-80.794 27.341-117.658 25.805-110.387-4.506-191.795-109.773-325.53-116.224-109.158-5.12-344.166 120.115-429.466 166.298H1024v-.001z\"\/>\n\t\t\t\t\t\t\t\t\t<path class=\"st2\" d=\"M0 182.086h1024V90.028C966.451 59.103 907.059 16.3 824.115 15.071 690.278 13.023 665.19 102.93 482.099 102.93S202.138-1.62 74.24.019C46.49.326 21.811 4.217 0 9.849v172.237z\"\/>\n\t\t\t\t\t\t\t\t\t<path class=\"st3\" d=\"M0 182.086h1024V80.505c-37.171 19.558-80.691 35.328-139.571 36.25-151.142 2.355-141.619-28.57-298.496-29.184s-138.854 47.002-305.459 43.725C132.813 128.428 91.238 44.563 0 28.179v153.907z\"\/>\n\t\t\t\t\t\t\t\t\t<path class=\"st4\" d=\"M0 182.086h1024v-77.312c-49.05 20.07-120.525 42.394-193.229 42.086-128.922-.512-159.846-72.294-255.795-72.294-89.088 0-134.656 80.179-245.043 82.022S169.063 99.346 49.971 97.401C32.768 97.094 16.077 99.244 0 103.135v78.951z\"\/>\n\t\t\t\t\t\t\t\t<\/svg><\/div><div class=\"fusion-section-separator-spacer\"><div class=\"fusion-section-separator-spacer-height\"><\/div><\/div><\/div><div class=\"fusion-clearfix\"><\/div><\/div><\/div><\/div><\/div><div class=\"fusion-fullwidth fullwidth-box fusion-builder-row-2 nonhundred-percent-fullwidth non-hundred-percent-height-scrolling\" style=\"--awb-border-radius-top-left:0px;--awb-border-radius-top-right:0px;--awb-border-radius-bottom-right:0px;--awb-border-radius-bottom-left:0px;--awb-padding-top:80px;--awb-padding-bottom:80px;--awb-flex-wrap:wrap;\" ><div class=\"fusion-builder-row fusion-row\"><div class=\"fusion-layout-column fusion_builder_column fusion-builder-column-2 fusion_builder_column_1_1 1_1 fusion-one-full fusion-column-first fusion-column-last\" style=\"--awb-bg-size:cover;\"><div class=\"fusion-column-wrapper fusion-column-has-shadow fusion-flex-column-wrapper-legacy\"><div class=\"fusion-blog-shortcode fusion-blog-shortcode-1 fusion-blog-archive fusion-blog-layout-medium-alternate fusion-blog-no\"><div class=\"fusion-posts-container fusion-posts-container-no fusion-blog-rollover\" data-pages=\"0\"><article id=\"blog-1-post-1278\" class=\"fusion-post-medium-alternate post-1278 post type-post status-publish format-standard has-post-thumbnail hentry category-unkategorisiert\">\n<div class=\"fusion-date-and-formats\"><div class=\"fusion-date-box updated\"><span class=\"fusion-date\">30<\/span><span class=\"fusion-month-year\">12, 2020<\/span><\/div><div class=\"fusion-format-box\"><i class=\"awb-icon-pen\" aria-hidden=\"true\"><\/i><\/div><\/div>\t<style type=\"text\/css\">\n\t\t\n\t\t\n\t\t\n\t\t\n\t\t\t<\/style>\n\n\n\t\t\t<div class=\"fusion-flexslider flexslider fusion-flexslider-loading fusion-post-slideshow\" style=\"\">\n\t\t<ul class=\"slides\">\n\t\t\t\n\t\t\t\t\t\t\t\t\t\t\t\t\t\t<li><div  class=\"fusion-image-wrapper fusion-image-size-fixed\" aria-haspopup=\"true\">\n\t\t\t\t<img decoding=\"async\" width=\"320\" height=\"202\" src=\"https:\/\/www.grafika-soca.si\/wp-content\/uploads\/2020\/11\/kneippova_sola_zdravja-320x202.jpg\" class=\"attachment-blog-medium size-blog-medium wp-post-image\" alt=\"kneippova_sola_zdravja\" srcset=\"https:\/\/www.grafika-soca.si\/wp-content\/uploads\/2020\/11\/kneippova_sola_zdravja-320x202.jpg 320w, https:\/\/www.grafika-soca.si\/wp-content\/uploads\/2020\/11\/kneippova_sola_zdravja-700x441.jpg 700w\" sizes=\"(max-width: 320px) 100vw, 320px\" \/><div class=\"fusion-rollover\">\n\t<div class=\"fusion-rollover-content\">\n\n\t\t\t\t\t\t\t\t\t\t\t\t\t\t<a class=\"fusion-rollover-link\" href=\"https:\/\/www.grafika-soca.si\/de\/kneippova-sola-zdravja-mladinska-knjiga-zalozba-d-d\/\">Kneippova \u0161ola zdravja: Mladinska knjiga zalo\u017eba d.d.<\/a>\n\t\t\t\n\t\t\t\t\t\t\t\t\n\t\t\n\t\t\t\t\t\t\t\t\t\t\t\t<h4 class=\"fusion-rollover-title\">\n\t\t\t\t\t<a class=\"fusion-rollover-title-link\" href=\"https:\/\/www.grafika-soca.si\/de\/kneippova-sola-zdravja-mladinska-knjiga-zalozba-d-d\/\">\n\t\t\t\t\t\tKneippova \u0161ola zdravja: Mladinska knjiga zalo\u017eba d.d.\t\t\t\t\t<\/a>\n\t\t\t\t<\/h4>\n\t\t\t\n\t\t\t\t\t\t\t\t\n\t\t\n\t\t\t\t\t\t<a class=\"fusion-link-wrapper\" href=\"https:\/\/www.grafika-soca.si\/de\/kneippova-sola-zdravja-mladinska-knjiga-zalozba-d-d\/\" aria-label=\"Kneippova \u0161ola zdravja: Mladinska knjiga zalo\u017eba d.d.\"><\/a>\n\t<\/div>\n<\/div>\n<\/div>\n<\/li>\n\t\t\t\n\t\t\t\n\t\t\t\t\t\t\t\t\t\t\t\t\t\t\t\t\t\t\t\t\t\t\t\t\t\t\t\t\t\t\t\t\t\t\t\t\t\t\t\t\t\t\t\t\t\t\t\t\t\t\t\t\t\t\t\t\t\t\t\t\t\t\t\t\t\t\t\t<\/ul>\n\t<\/div>\n\t<div class=\"fusion-post-content post-content\"><h2 class=\"blog-shortcode-post-title entry-title\"><a href=\"https:\/\/www.grafika-soca.si\/de\/kneippova-sola-zdravja-mladinska-knjiga-zalozba-d-d\/\">Kneippova \u0161ola zdravja: Mladinska knjiga zalo\u017eba d.d.<\/a><\/h2><p class=\"fusion-single-line-meta\"><span class=\"vcard\" style=\"display: none;\"><span class=\"fn\"><a href=\"https:\/\/www.grafika-soca.si\/de\/author\/borut\/\" title=\"Beitr\u00e4ge von Borut\" rel=\"author\">Borut<\/a><\/span><\/span><span class=\"updated\" style=\"display:none;\">2020-12-30T11:05:54+01:00<\/span><span>30\/12\/2020<\/span><span class=\"fusion-inline-sep\">|<\/span><\/p><\/div><div class=\"fusion-clearfix\"><\/div><div class=\"fusion-meta-info\"><div class=\"fusion-alignright\"><a class=\"fusion-read-more\" href=\"https:\/\/www.grafika-soca.si\/de\/kneippova-sola-zdravja-mladinska-knjiga-zalozba-d-d\/\" aria-label=\"More on Kneippova \u0161ola zdravja: Mladinska knjiga zalo\u017eba d.d.\">Mehr dar\u00fcber lesen<\/a><\/div><\/div><\/article>\n<article id=\"blog-1-post-1271\" class=\"fusion-post-medium-alternate post-1271 post type-post status-publish format-standard hentry category-unkategorisiert\">\n<div class=\"fusion-date-and-formats\"><div class=\"fusion-date-box updated\"><span class=\"fusion-date\">30<\/span><span class=\"fusion-month-year\">12, 2020<\/span><\/div><div class=\"fusion-format-box\"><i class=\"awb-icon-pen\" aria-hidden=\"true\"><\/i><\/div><\/div>\t<style type=\"text\/css\">\n\t\t\n\t\t\n\t\t\n\t\t\n\t\t\t<\/style>\n\n\n<div class=\"fusion-post-content post-content\"><h2 class=\"blog-shortcode-post-title entry-title\"><a href=\"https:\/\/www.grafika-soca.si\/de\/monografija-kiparja-metoda-frlica\/\">Monografija kiparja Metoda Frlica<\/a><\/h2><p class=\"fusion-single-line-meta\"><span class=\"vcard\" style=\"display: none;\"><span class=\"fn\"><a href=\"https:\/\/www.grafika-soca.si\/de\/author\/borut\/\" title=\"Beitr\u00e4ge von Borut\" rel=\"author\">Borut<\/a><\/span><\/span><span class=\"updated\" style=\"display:none;\">2020-12-30T11:05:06+01:00<\/span><span>30\/12\/2020<\/span><span class=\"fusion-inline-sep\">|<\/span><\/p><\/div><div class=\"fusion-clearfix\"><\/div><div class=\"fusion-meta-info\"><div class=\"fusion-alignright\"><a class=\"fusion-read-more\" href=\"https:\/\/www.grafika-soca.si\/de\/monografija-kiparja-metoda-frlica\/\" aria-label=\"More on Monografija kiparja Metoda Frlica\">Mehr dar\u00fcber lesen<\/a><\/div><\/div><\/article>\n<\/div><\/div><div class=\"fusion-clearfix\"><\/div><\/div><\/div><\/div><\/div><\/p>\n","protected":false},"excerpt":{"rendered":"","protected":false},"author":1,"featured_media":0,"parent":0,"menu_order":0,"comment_status":"closed","ping_status":"closed","template":"100-width.php","meta":{"_monsterinsights_skip_tracking":false,"_monsterinsights_sitenote_active":false,"_monsterinsights_sitenote_note":"","_monsterinsights_sitenote_category":0,"footnotes":""},"class_list":["post-1268","page","type-page","status-publish","hentry"],"yoast_head":"<!-- This site is optimized with the Yoast SEO plugin v27.2 - https:\/\/yoast.com\/product\/yoast-seo-wordpress\/ -->\n<title>Blog - Grafika So\u010da d.o.o.<\/title>\n<meta name=\"description\" content=\"Blog der Druckerei Grafika So\u010da - folgen Sie den aktuellen Ank\u00fcndigungen und halten Sie sich \u00fcber die neuesten Entwicklungen in Technologie, Druck und unseren Produkten auf dem Laufenden.\" \/>\n<meta name=\"robots\" content=\"index, follow, max-snippet:-1, max-image-preview:large, max-video-preview:-1\" \/>\n<link rel=\"canonical\" href=\"https:\/\/www.grafika-soca.si\/de\/blog\/\" \/>\n<meta property=\"og:locale\" content=\"de_DE\" \/>\n<meta property=\"og:type\" content=\"article\" \/>\n<meta property=\"og:title\" content=\"Blog - Grafika So\u010da d.o.o.\" \/>\n<meta property=\"og:description\" content=\"Blog der Druckerei Grafika So\u010da - folgen Sie den aktuellen Ank\u00fcndigungen und halten Sie sich \u00fcber die neuesten Entwicklungen in Technologie, Druck und unseren Produkten auf dem Laufenden.\" \/>\n<meta property=\"og:url\" content=\"https:\/\/www.grafika-soca.si\/de\/blog\/\" \/>\n<meta property=\"og:site_name\" content=\"Grafika So\u010da d.o.o.\" \/>\n<meta property=\"article:modified_time\" content=\"2020-12-30T10:04:14+00:00\" \/>\n<meta name=\"twitter:card\" content=\"summary_large_image\" \/>\n<meta name=\"twitter:label1\" content=\"Gesch\u00e4tzte Lesezeit\" \/>\n\t<meta name=\"twitter:data1\" content=\"7\u00a0Minuten\" \/>\n<script type=\"application\/ld+json\" class=\"yoast-schema-graph\">{\"@context\":\"https:\/\/schema.org\",\"@graph\":[{\"@type\":\"WebPage\",\"@id\":\"https:\/\/www.grafika-soca.si\/de\/blog\/\",\"url\":\"https:\/\/www.grafika-soca.si\/de\/blog\/\",\"name\":\"Blog - Grafika So\u010da d.o.o.\",\"isPartOf\":{\"@id\":\"https:\/\/www.grafika-soca.si\/de\/#website\"},\"datePublished\":\"2020-12-30T10:03:35+00:00\",\"dateModified\":\"2020-12-30T10:04:14+00:00\",\"description\":\"Blog der Druckerei Grafika So\u010da - folgen Sie den aktuellen Ank\u00fcndigungen und halten Sie sich \u00fcber die neuesten Entwicklungen in Technologie, Druck und unseren Produkten auf dem Laufenden.\",\"breadcrumb\":{\"@id\":\"https:\/\/www.grafika-soca.si\/de\/blog\/#breadcrumb\"},\"inLanguage\":\"de\",\"potentialAction\":[{\"@type\":\"ReadAction\",\"target\":[\"https:\/\/www.grafika-soca.si\/de\/blog\/\"]}]},{\"@type\":\"BreadcrumbList\",\"@id\":\"https:\/\/www.grafika-soca.si\/de\/blog\/#breadcrumb\",\"itemListElement\":[{\"@type\":\"ListItem\",\"position\":1,\"name\":\"Home\",\"item\":\"https:\/\/www.grafika-soca.si\/de\/\"},{\"@type\":\"ListItem\",\"position\":2,\"name\":\"Blog\"}]},{\"@type\":\"WebSite\",\"@id\":\"https:\/\/www.grafika-soca.si\/de\/#website\",\"url\":\"https:\/\/www.grafika-soca.si\/de\/\",\"name\":\"Grafika So\u010da d.o.o.\",\"description\":\"Just another WordPress site\",\"potentialAction\":[{\"@type\":\"SearchAction\",\"target\":{\"@type\":\"EntryPoint\",\"urlTemplate\":\"https:\/\/www.grafika-soca.si\/de\/?s={search_term_string}\"},\"query-input\":{\"@type\":\"PropertyValueSpecification\",\"valueRequired\":true,\"valueName\":\"search_term_string\"}}],\"inLanguage\":\"de\"}]}<\/script>\n<!-- \/ Yoast SEO plugin. -->","yoast_head_json":{"title":"Blog - Grafika So\u010da d.o.o.","description":"Blog der Druckerei Grafika So\u010da - folgen Sie den aktuellen Ank\u00fcndigungen und halten Sie sich \u00fcber die neuesten Entwicklungen in Technologie, Druck und unseren Produkten auf dem Laufenden.","robots":{"index":"index","follow":"follow","max-snippet":"max-snippet:-1","max-image-preview":"max-image-preview:large","max-video-preview":"max-video-preview:-1"},"canonical":"https:\/\/www.grafika-soca.si\/de\/blog\/","og_locale":"de_DE","og_type":"article","og_title":"Blog - Grafika So\u010da d.o.o.","og_description":"Blog der Druckerei Grafika So\u010da - folgen Sie den aktuellen Ank\u00fcndigungen und halten Sie sich \u00fcber die neuesten Entwicklungen in Technologie, Druck und unseren Produkten auf dem Laufenden.","og_url":"https:\/\/www.grafika-soca.si\/de\/blog\/","og_site_name":"Grafika So\u010da d.o.o.","article_modified_time":"2020-12-30T10:04:14+00:00","twitter_card":"summary_large_image","twitter_misc":{"Gesch\u00e4tzte Lesezeit":"7\u00a0Minuten"},"schema":{"@context":"https:\/\/schema.org","@graph":[{"@type":"WebPage","@id":"https:\/\/www.grafika-soca.si\/de\/blog\/","url":"https:\/\/www.grafika-soca.si\/de\/blog\/","name":"Blog - Grafika So\u010da d.o.o.","isPartOf":{"@id":"https:\/\/www.grafika-soca.si\/de\/#website"},"datePublished":"2020-12-30T10:03:35+00:00","dateModified":"2020-12-30T10:04:14+00:00","description":"Blog der Druckerei Grafika So\u010da - folgen Sie den aktuellen Ank\u00fcndigungen und halten Sie sich \u00fcber die neuesten Entwicklungen in Technologie, Druck und unseren Produkten auf dem Laufenden.","breadcrumb":{"@id":"https:\/\/www.grafika-soca.si\/de\/blog\/#breadcrumb"},"inLanguage":"de","potentialAction":[{"@type":"ReadAction","target":["https:\/\/www.grafika-soca.si\/de\/blog\/"]}]},{"@type":"BreadcrumbList","@id":"https:\/\/www.grafika-soca.si\/de\/blog\/#breadcrumb","itemListElement":[{"@type":"ListItem","position":1,"name":"Home","item":"https:\/\/www.grafika-soca.si\/de\/"},{"@type":"ListItem","position":2,"name":"Blog"}]},{"@type":"WebSite","@id":"https:\/\/www.grafika-soca.si\/de\/#website","url":"https:\/\/www.grafika-soca.si\/de\/","name":"Grafika So\u010da d.o.o.","description":"Just another WordPress site","potentialAction":[{"@type":"SearchAction","target":{"@type":"EntryPoint","urlTemplate":"https:\/\/www.grafika-soca.si\/de\/?s={search_term_string}"},"query-input":{"@type":"PropertyValueSpecification","valueRequired":true,"valueName":"search_term_string"}}],"inLanguage":"de"}]}},"_links":{"self":[{"href":"https:\/\/www.grafika-soca.si\/de\/wp-json\/wp\/v2\/pages\/1268","targetHints":{"allow":["GET"]}}],"collection":[{"href":"https:\/\/www.grafika-soca.si\/de\/wp-json\/wp\/v2\/pages"}],"about":[{"href":"https:\/\/www.grafika-soca.si\/de\/wp-json\/wp\/v2\/types\/page"}],"author":[{"embeddable":true,"href":"https:\/\/www.grafika-soca.si\/de\/wp-json\/wp\/v2\/users\/1"}],"replies":[{"embeddable":true,"href":"https:\/\/www.grafika-soca.si\/de\/wp-json\/wp\/v2\/comments?post=1268"}],"version-history":[{"count":2,"href":"https:\/\/www.grafika-soca.si\/de\/wp-json\/wp\/v2\/pages\/1268\/revisions"}],"predecessor-version":[{"id":1270,"href":"https:\/\/www.grafika-soca.si\/de\/wp-json\/wp\/v2\/pages\/1268\/revisions\/1270"}],"wp:attachment":[{"href":"https:\/\/www.grafika-soca.si\/de\/wp-json\/wp\/v2\/media?parent=1268"}],"curies":[{"name":"wp","href":"https:\/\/api.w.org\/{rel}","templated":true}]}}