{"id":1257,"date":"2020-12-30T10:49:25","date_gmt":"2020-12-30T09:49:25","guid":{"rendered":"http:\/\/www.grafika-soca.si\/cookies\/"},"modified":"2020-12-30T10:49:49","modified_gmt":"2020-12-30T09:49:49","slug":"cookies","status":"publish","type":"page","link":"https:\/\/www.grafika-soca.si\/de\/cookies\/","title":{"rendered":"Cookies"},"content":{"rendered":"<p><div class=\"fusion-fullwidth fullwidth-box fusion-builder-row-1 fusion-parallax-none nonhundred-percent-fullwidth non-hundred-percent-height-scrolling\" style=\"--awb-border-radius-top-left:0px;--awb-border-radius-top-right:0px;--awb-border-radius-bottom-right:0px;--awb-border-radius-bottom-left:0px;--awb-padding-top:250px;--awb-padding-bottom:0px;--awb-background-image:url(&quot;http:\/\/www.grafika-soca.si\/wp-content\/uploads\/2020\/06\/grafika_soca_banner_v2.jpg&quot;);--awb-background-size:cover;--awb-flex-wrap:wrap;\" ><div class=\"fusion-builder-row fusion-row\"><div class=\"fusion-layout-column fusion_builder_column fusion-builder-column-0 fusion_builder_column_1_1 1_1 fusion-one-full fusion-column-first fusion-column-last\" style=\"--awb-padding-top:0px;--awb-padding-bottom:0px;--awb-bg-size:cover;\"><div class=\"fusion-column-wrapper fusion-column-has-shadow fusion-flex-column-wrapper-legacy\"><div class=\"fusion-title title fusion-title-1 fusion-sep-none fusion-title-center fusion-title-text fusion-title-size-one\" style=\"--awb-text-color:#ffffff;--awb-margin-top-small:0px;--awb-margin-right-small:0px;--awb-margin-bottom-small:20px;--awb-margin-left-small:0px;\"><h1 class=\"fusion-title-heading title-heading-center fusion-responsive-typography-calculated\" style=\"margin:0;--fontSize:50;line-height:1.4;\">Cookies<\/h1><\/div><div class=\"fusion-sep-clear\"><\/div><div class=\"fusion-separator\" style=\"margin-left: auto;margin-right: auto;margin-top:20px;margin-bottom:20px;width:100%;max-width:80px;\"><div class=\"fusion-separator-border sep-single sep-solid\" style=\"--awb-height:20px;--awb-amount:20px;--awb-sep-color:#009bac;border-color:#009bac;border-top-width:3px;\"><\/div><\/div><div class=\"fusion-sep-clear\"><\/div><div class=\"fusion-title title fusion-title-2 fusion-sep-none fusion-title-center fusion-title-text fusion-title-size-six\" style=\"--awb-text-color:#ffffff;--awb-margin-top-small:0px;--awb-margin-right-small:0px;--awb-margin-bottom-small:20px;--awb-margin-left-small:0px;\"><h6 class=\"fusion-title-heading title-heading-center fusion-responsive-typography-calculated\" style=\"margin:0;--fontSize:22;--minFontSize:22;line-height:1.5;\">Was sind Cookies und wozu werden sie ben\u00f6tigt?<\/h6><\/div><div class=\"fusion-clearfix\"><\/div><\/div><\/div><div class=\"fusion-layout-column fusion_builder_column fusion-builder-column-1 fusion_builder_column_1_1 1_1 fusion-one-full fusion-column-first fusion-column-last\" style=\"--awb-bg-size:cover;--awb-margin-bottom:0px;\"><div class=\"fusion-column-wrapper fusion-column-has-shadow fusion-flex-column-wrapper-legacy\"><div class=\"fusion-section-separator section-separator hills-opacity fusion-section-separator-1\" style=\"--awb-spacer-padding-top:17.7734375%;--awb-svg-margin-left:0;--awb-svg-margin-right:0;--awb-sep-font-size:0;--awb-sep-line-height:0;\"><div class=\"fusion-section-separator-svg\"><svg class=\"fusion-hills-opacity-candy\" xmlns=\"http:\/\/www.w3.org\/2000\/svg\" version=\"1.1\" width=\"100%\" viewBox=\"0 -0.5 1024 182\" preserveAspectRatio=\"none\" fill=\"rgba(255,255,255,1)\"><path class=\"st0\" d=\"M0 182.086h1024V41.593c-28.058-21.504-60.109-37.581-97.075-37.581-112.845 0-198.144 93.798-289.792 93.798S437.658 6.777 351.846 6.777s-142.234 82.125-238.49 82.125c-63.078 0-75.776-31.744-113.357-53.658L0 182.086z\"\/>\n\t\t\t\t\t\t\t\t\t<path class=\"st1\" d=\"M1024 181.062v-75.878c-39.731 15.872-80.794 27.341-117.658 25.805-110.387-4.506-191.795-109.773-325.53-116.224-109.158-5.12-344.166 120.115-429.466 166.298H1024v-.001z\"\/>\n\t\t\t\t\t\t\t\t\t<path class=\"st2\" d=\"M0 182.086h1024V90.028C966.451 59.103 907.059 16.3 824.115 15.071 690.278 13.023 665.19 102.93 482.099 102.93S202.138-1.62 74.24.019C46.49.326 21.811 4.217 0 9.849v172.237z\"\/>\n\t\t\t\t\t\t\t\t\t<path class=\"st3\" d=\"M0 182.086h1024V80.505c-37.171 19.558-80.691 35.328-139.571 36.25-151.142 2.355-141.619-28.57-298.496-29.184s-138.854 47.002-305.459 43.725C132.813 128.428 91.238 44.563 0 28.179v153.907z\"\/>\n\t\t\t\t\t\t\t\t\t<path class=\"st4\" d=\"M0 182.086h1024v-77.312c-49.05 20.07-120.525 42.394-193.229 42.086-128.922-.512-159.846-72.294-255.795-72.294-89.088 0-134.656 80.179-245.043 82.022S169.063 99.346 49.971 97.401C32.768 97.094 16.077 99.244 0 103.135v78.951z\"\/>\n\t\t\t\t\t\t\t\t<\/svg><\/div><div class=\"fusion-section-separator-spacer\"><div class=\"fusion-section-separator-spacer-height\"><\/div><\/div><\/div><div class=\"fusion-clearfix\"><\/div><\/div><\/div><\/div><\/div><div class=\"fusion-fullwidth fullwidth-box fusion-builder-row-2 nonhundred-percent-fullwidth non-hundred-percent-height-scrolling\" style=\"--awb-border-radius-top-left:0px;--awb-border-radius-top-right:0px;--awb-border-radius-bottom-right:0px;--awb-border-radius-bottom-left:0px;--awb-padding-top:80px;--awb-padding-bottom:80px;--awb-flex-wrap:wrap;\" ><div class=\"fusion-builder-row fusion-row\"><div class=\"fusion-layout-column fusion_builder_column fusion-builder-column-2 fusion_builder_column_1_6 1_6 fusion-one-sixth fusion-column-first\" style=\"--awb-bg-size:cover;width:16.666666666667%;width:calc(16.666666666667% - ( ( 4% + 4% ) * 0.16666666666667 ) );margin-right: 4%;\"><div class=\"fusion-column-wrapper fusion-column-has-shadow fusion-flex-column-wrapper-legacy\"><div class=\"fusion-clearfix\"><\/div><\/div><\/div><div class=\"fusion-layout-column fusion_builder_column fusion-builder-column-3 fusion_builder_column_2_3 2_3 fusion-two-third\" style=\"--awb-bg-size:cover;width:66.666666666667%;width:calc(66.666666666667% - ( ( 4% + 4% ) * 0.66666666666667 ) );margin-right: 4%;\"><div class=\"fusion-column-wrapper fusion-column-has-shadow fusion-flex-column-wrapper-legacy\"><div class=\"fusion-text fusion-text-1\"><p><strong>Was sind Cookies?<\/strong><\/p>\n<p>Ein Cookie ist ein Kurztext, den die Webseite bei Ihrem Besuch an Ihren Browser schickt. So werden Sie von der Webseite erkannt. Mit dem Cookie merkt sich die Webseite die Daten Ihres Besuchs und erm\u00f6glicht Ihnen einen freundlichen oder einfacheren Online-Dienst. Mithilfe der Cookies passen wir den Inhalt unserer Webseite an, wir merken uns Ihre Vorlieben und vermerken die Besuche auf unserer Webseite. Das Durchsuchen unserer Webseite ist mit Cookies angenehmer, schneller und vor allem effizienter.<\/p>\n<p><strong>Warum unsere Webseite Cookies verwendet<\/strong><\/p>\n<p>Cookies sind ein wichtiges Mittel zur Erhaltung eines aktuellen und angemessenen Inhalts, der gem\u00e4\u00df den Interessen und Pr\u00e4ferenzen jedes einzelnen Online-Nutzers ist. Die Gr\u00fcnde der Nutzung von Cookies liegt in deren Eigenschaften (eine davon ist das Speichern von Daten \u00fcber den Zustand der jeweiligen Webseite), sie helfen beim Sammeln verschiedener Statistiken, denn nur mit ihrer Hilfe kann die H\u00e4ufigkeit der Besuche auf einer bestimmten Webseite verfolgt werden. Mithilfe der Cookies kann der Betreiber der Webseite die Effektivit\u00e4t des Konzepts seiner Webseite bewerten.<\/p>\n<p><strong>Welche Cookies wir verwenden<\/strong><\/p>\n<ul>\n<li><strong>Dringend notwendige Cookies<\/strong>: diese Cookies sind von zentraler Bedeutung, denn sie erm\u00f6glichen das Navigieren durch Webseiten und die Nutzung der Funktionen auf der Webseite bzw. bieten die geforderte Leistung. F\u00fcr die Benutzung dieser Cookies ben\u00f6tigt das Unternehmen Grafika So\u010da d.o.o. vom Benutzer keine Erlaubnis, deshalb werden diese am Ger\u00e4t immer installiert. Sobald der Nutzer irgendeine Interaktion mit der Webseite hat, werden sie eingestellt.<\/li>\n<li><strong>Webanalyse-Cookies<\/strong>: diese Cookies helfen dem Unternehmen Grafika So\u010da d.o.o. zu verstehen, wie die Nutzer die Webseite benutzen. Mit deren Hilfe verbessert das Unternehmen die Nutzererfahrungen und stellt Forderungen und Trends der Nutzer fest. Diese Cookies werden vom Unternehmen nur dann benutzt, wenn der Nutzer diese akzeptiert.<\/li>\n<\/ul>\n<p><strong>Dringend notwendige Cookies<\/strong><\/p>\n<p>Name des Cookies:\u00a0<strong>CONSENT<\/strong><br \/>\nLeistung: gstatic.com<br \/>\nSpeicherfrist des Cookies: 10 Jahre<br \/>\nVerwalter: Google<br \/>\nBeschreibung des Cookies: Gstatic.com ist eine Dom\u00e4ne ohne Cookies f\u00fcr Zustellungen von statistischen Inhalten (JavaScript Kodes, Bilder und CSS) an eine andere Dom\u00e4ne, mit der Absicht der Reduzierung der Bandbreite und der Steigerung der Netzkapazit\u00e4t.<\/p>\n<p>Name des Cookies:\u00a0NID<br \/>\nLeistung: gstatic.com<br \/>\nSpeicherfrist des Cookies: 6 Monate<br \/>\nVerwalter: Google<br \/>\nBeschreibung des Cookies: Google speichert mithilfe des Cookies NID Informationen und Einstellungen des Nutzers um bei der Nutzung von Google-Landkarten dem Nutzer angepasste Leistungen zu bieten.<\/p>\n<p><strong>Webanalyse-Cookies<\/strong><\/p>\n<p>Name des Cookies:\u00a0<strong>_gid<\/strong><br \/>\nLeistung: Google Analytics<br \/>\nSpeicherfrist des Cookies: 1 Tag<br \/>\nVerwalter: Google<br \/>\nBeschreibung des Cookies: Webanalyse mithilfe des Programms Google Universal Analytics. Das Cookie wird f\u00fcr die Gruppierung des Verhaltens von Nutzern, f\u00fcr jeden einzelnen Nutzer, verwendet. https:\/\/policies.google.com\/<\/p>\n<p>Name des Cookies:\u00a0<strong>_ga<\/strong><br \/>\nLeistung: Google Analytics<br \/>\nSpeicherfrist des Cookies: 2 Jahre<br \/>\nVerwalter: Google<br \/>\nBeschreibung des Cookies: Webanalyse mithilfe des Programms Google Universal Analytics. Cookie, das zur Verfolgung der Besucher verwendet wird. Google Analytics identifiziert Nutzer mit einem einzigartigen Identifikator, dem \u201eclient id\u201c. Dieser id ist zusammen mit anderen Parametern im Cookie _ga gespeichert.<\/p>\n<p>Name des Cookies:\u00a0<strong>_gat<\/strong><br \/>\nLeistung: Google Analytics<br \/>\nSpeicherfrist des Cookies: 10 Minuten<br \/>\nVerwalter: Google<br \/>\nBeschreibung des Cookies: Dieses Cookie wird zur Kontrolle der H\u00e4ufigkeit von Aufforderungen in der Leistung Google Analytics zur Steigerung der Effektivit\u00e4t von Netzschaltungen benutzt.<\/p>\n<\/div><div class=\"fusion-text fusion-text-2\"><div class=\"fusion-title title fusion-title-2 fusion-sep-none fusion-title-text fusion-title-size-three fusion-border-below-title\">\n<h3 class=\"fusion-responsive-typography-calculated\" data-fontsize=\"26\" data-lineheight=\"29.9px\">\u00c4nderung der Cookie-Einstellungenv<\/h3>\n<\/div>\n<div class=\"fusion-text\">\n<p>Sie k\u00f6nnen Ihre Datenschutzeinstellungen \u00e4ndern, indem Sie auf den unteren Knopf klicken.<\/p>\n<a href=\"#\" class=\"cn-revoke-cookie cn-button-inline cn-revoke-inline fusion-button\" title=\"Revoke consent\">Revoke consent<\/a><\/div>\n<\/div><div class=\"fusion-clearfix\"><\/div><\/div><\/div><div class=\"fusion-layout-column fusion_builder_column fusion-builder-column-4 fusion_builder_column_1_6 1_6 fusion-one-sixth fusion-column-last\" style=\"--awb-bg-size:cover;width:16.666666666667%;width:calc(16.666666666667% - ( ( 4% + 4% ) * 0.16666666666667 ) );\"><div class=\"fusion-column-wrapper fusion-column-has-shadow fusion-flex-column-wrapper-legacy\"><div class=\"fusion-clearfix\"><\/div><\/div><\/div><\/div><\/div><\/p>\n","protected":false},"excerpt":{"rendered":"","protected":false},"author":1,"featured_media":0,"parent":0,"menu_order":0,"comment_status":"closed","ping_status":"closed","template":"100-width.php","meta":{"_monsterinsights_skip_tracking":false,"_monsterinsights_sitenote_active":false,"_monsterinsights_sitenote_note":"","_monsterinsights_sitenote_category":0,"footnotes":""},"class_list":["post-1257","page","type-page","status-publish","hentry"],"yoast_head":"<!-- This site is optimized with the Yoast SEO plugin v27.4 - https:\/\/yoast.com\/product\/yoast-seo-wordpress\/ -->\n<title>Cookies - Grafika So\u010da d.o.o.<\/title>\n<meta name=\"robots\" content=\"index, follow, max-snippet:-1, max-image-preview:large, max-video-preview:-1\" \/>\n<link rel=\"canonical\" href=\"https:\/\/www.grafika-soca.si\/de\/cookies\/\" \/>\n<meta property=\"og:locale\" content=\"de_DE\" \/>\n<meta property=\"og:type\" content=\"article\" \/>\n<meta property=\"og:title\" content=\"Cookies - Grafika So\u010da d.o.o.\" \/>\n<meta property=\"og:url\" content=\"https:\/\/www.grafika-soca.si\/de\/cookies\/\" \/>\n<meta property=\"og:site_name\" content=\"Grafika So\u010da d.o.o.\" \/>\n<meta property=\"article:modified_time\" content=\"2020-12-30T09:49:49+00:00\" \/>\n<meta name=\"twitter:card\" content=\"summary_large_image\" \/>\n<meta name=\"twitter:label1\" content=\"Gesch\u00e4tzte Lesezeit\" \/>\n\t<meta name=\"twitter:data1\" content=\"12\u00a0Minuten\" \/>\n<script type=\"application\/ld+json\" class=\"yoast-schema-graph\">{\"@context\":\"https:\\\/\\\/schema.org\",\"@graph\":[{\"@type\":\"WebPage\",\"@id\":\"https:\\\/\\\/www.grafika-soca.si\\\/de\\\/cookies\\\/\",\"url\":\"https:\\\/\\\/www.grafika-soca.si\\\/de\\\/cookies\\\/\",\"name\":\"Cookies - Grafika So\u010da d.o.o.\",\"isPartOf\":{\"@id\":\"https:\\\/\\\/www.grafika-soca.si\\\/de\\\/#website\"},\"datePublished\":\"2020-12-30T09:49:25+00:00\",\"dateModified\":\"2020-12-30T09:49:49+00:00\",\"breadcrumb\":{\"@id\":\"https:\\\/\\\/www.grafika-soca.si\\\/de\\\/cookies\\\/#breadcrumb\"},\"inLanguage\":\"de\",\"potentialAction\":[{\"@type\":\"ReadAction\",\"target\":[\"https:\\\/\\\/www.grafika-soca.si\\\/de\\\/cookies\\\/\"]}]},{\"@type\":\"BreadcrumbList\",\"@id\":\"https:\\\/\\\/www.grafika-soca.si\\\/de\\\/cookies\\\/#breadcrumb\",\"itemListElement\":[{\"@type\":\"ListItem\",\"position\":1,\"name\":\"Home\",\"item\":\"https:\\\/\\\/www.grafika-soca.si\\\/de\\\/\"},{\"@type\":\"ListItem\",\"position\":2,\"name\":\"Cookies\"}]},{\"@type\":\"WebSite\",\"@id\":\"https:\\\/\\\/www.grafika-soca.si\\\/de\\\/#website\",\"url\":\"https:\\\/\\\/www.grafika-soca.si\\\/de\\\/\",\"name\":\"Grafika So\u010da d.o.o.\",\"description\":\"Just another WordPress site\",\"potentialAction\":[{\"@type\":\"SearchAction\",\"target\":{\"@type\":\"EntryPoint\",\"urlTemplate\":\"https:\\\/\\\/www.grafika-soca.si\\\/de\\\/?s={search_term_string}\"},\"query-input\":{\"@type\":\"PropertyValueSpecification\",\"valueRequired\":true,\"valueName\":\"search_term_string\"}}],\"inLanguage\":\"de\"}]}<\/script>\n<!-- \/ Yoast SEO plugin. -->","yoast_head_json":{"title":"Cookies - Grafika So\u010da d.o.o.","robots":{"index":"index","follow":"follow","max-snippet":"max-snippet:-1","max-image-preview":"max-image-preview:large","max-video-preview":"max-video-preview:-1"},"canonical":"https:\/\/www.grafika-soca.si\/de\/cookies\/","og_locale":"de_DE","og_type":"article","og_title":"Cookies - Grafika So\u010da d.o.o.","og_url":"https:\/\/www.grafika-soca.si\/de\/cookies\/","og_site_name":"Grafika So\u010da d.o.o.","article_modified_time":"2020-12-30T09:49:49+00:00","twitter_card":"summary_large_image","twitter_misc":{"Gesch\u00e4tzte Lesezeit":"12\u00a0Minuten"},"schema":{"@context":"https:\/\/schema.org","@graph":[{"@type":"WebPage","@id":"https:\/\/www.grafika-soca.si\/de\/cookies\/","url":"https:\/\/www.grafika-soca.si\/de\/cookies\/","name":"Cookies - Grafika So\u010da d.o.o.","isPartOf":{"@id":"https:\/\/www.grafika-soca.si\/de\/#website"},"datePublished":"2020-12-30T09:49:25+00:00","dateModified":"2020-12-30T09:49:49+00:00","breadcrumb":{"@id":"https:\/\/www.grafika-soca.si\/de\/cookies\/#breadcrumb"},"inLanguage":"de","potentialAction":[{"@type":"ReadAction","target":["https:\/\/www.grafika-soca.si\/de\/cookies\/"]}]},{"@type":"BreadcrumbList","@id":"https:\/\/www.grafika-soca.si\/de\/cookies\/#breadcrumb","itemListElement":[{"@type":"ListItem","position":1,"name":"Home","item":"https:\/\/www.grafika-soca.si\/de\/"},{"@type":"ListItem","position":2,"name":"Cookies"}]},{"@type":"WebSite","@id":"https:\/\/www.grafika-soca.si\/de\/#website","url":"https:\/\/www.grafika-soca.si\/de\/","name":"Grafika So\u010da d.o.o.","description":"Just another WordPress site","potentialAction":[{"@type":"SearchAction","target":{"@type":"EntryPoint","urlTemplate":"https:\/\/www.grafika-soca.si\/de\/?s={search_term_string}"},"query-input":{"@type":"PropertyValueSpecification","valueRequired":true,"valueName":"search_term_string"}}],"inLanguage":"de"}]}},"_links":{"self":[{"href":"https:\/\/www.grafika-soca.si\/de\/wp-json\/wp\/v2\/pages\/1257","targetHints":{"allow":["GET"]}}],"collection":[{"href":"https:\/\/www.grafika-soca.si\/de\/wp-json\/wp\/v2\/pages"}],"about":[{"href":"https:\/\/www.grafika-soca.si\/de\/wp-json\/wp\/v2\/types\/page"}],"author":[{"embeddable":true,"href":"https:\/\/www.grafika-soca.si\/de\/wp-json\/wp\/v2\/users\/1"}],"replies":[{"embeddable":true,"href":"https:\/\/www.grafika-soca.si\/de\/wp-json\/wp\/v2\/comments?post=1257"}],"version-history":[{"count":3,"href":"https:\/\/www.grafika-soca.si\/de\/wp-json\/wp\/v2\/pages\/1257\/revisions"}],"predecessor-version":[{"id":1260,"href":"https:\/\/www.grafika-soca.si\/de\/wp-json\/wp\/v2\/pages\/1257\/revisions\/1260"}],"wp:attachment":[{"href":"https:\/\/www.grafika-soca.si\/de\/wp-json\/wp\/v2\/media?parent=1257"}],"curies":[{"name":"wp","href":"https:\/\/api.w.org\/{rel}","templated":true}]}}